{"id":12135,"date":"2013-10-08T13:45:27","date_gmt":"2013-10-08T13:45:27","guid":{"rendered":"https:\/\/www.krumlovskagarda.cz\/?page_id=12135"},"modified":"2023-06-19T18:07:28","modified_gmt":"2023-06-19T17:07:28","slug":"homepage","status":"publish","type":"page","link":"https:\/\/www.krumlovskagarda.cz\/de\/","title":{"rendered":"Schwarzenbergische Grenadiergarde &#8211; Wiederherstellung der Schlosswache in \u010cesk\u00fd Krumlov"},"content":{"rendered":"<div id=\"attachment_70\" style=\"width: 223px\" class=\"wp-caption alignleft\"><a href=\"https:\/\/www.krumlovskagarda.cz\/wp-content\/uploads\/2015\/05\/7825_B_P.jpg\"><img aria-describedby=\"caption-attachment-70\" decoding=\"async\" loading=\"lazy\" class=\"wp-image-70 size-medium\" src=\"https:\/\/www.krumlovskagarda.cz\/wp-content\/uploads\/2015\/05\/7825_B_P-213x300.jpg\" alt=\"Krumlov\u0161t\u00ed gran\u00e1tn\u00edci na II. z\u00e1meck\u00e9m n\u00e1dvo\u0159\u00ed v \u010cesk\u00e9m Krumlov\u011b\" width=\"213\" height=\"300\" srcset=\"https:\/\/www.krumlovskagarda.cz\/wp-content\/uploads\/2015\/05\/7825_B_P-213x300.jpg 213w, https:\/\/www.krumlovskagarda.cz\/wp-content\/uploads\/2015\/05\/7825_B_P-727x1024.jpg 727w, https:\/\/www.krumlovskagarda.cz\/wp-content\/uploads\/2015\/05\/7825_B_P-600x845.jpg 600w\" sizes=\"(max-width: 213px) 100vw, 213px\" \/><\/a><p id=\"caption-attachment-70\" class=\"wp-caption-text\">Krumlov\u0161t\u00ed gran\u00e1tn\u00edci na II. z\u00e1meck\u00e9m n\u00e1dvo\u0159\u00ed v \u010cesk\u00e9m Krumlov\u011b<\/p><\/div>\n<p><strong>Text nur in Tschechien:<\/strong><\/p>\n<p style=\"text-align: justify;\">\u010cesk\u00fd Krumlov, jiho\u010desk\u00fd klenot v srdci Evropy, po stalet\u00ed kulturn\u00ed centrum \u0161umavsk\u00e9ho regionu a skvostn\u00e9 s\u00eddlo nejmocn\u011bj\u0161\u00edch jiho\u010desk\u00fdch rod\u016f v malebn\u00e9m z\u00e1krutu \u0159eky Vltavy, je zcela v\u00fdjime\u010dn\u00fdm m\u011bstem nejenom v\u00a0rovin\u011b region\u00e1ln\u00ed, ale i evropsk\u00e9 a sv\u011btov\u00e9.<\/p>\n<p style=\"text-align: justify;\">Jeho v\u00fdjime\u010dnost tkv\u00ed v mnoha aspektech, a\u0165\u00a0 u\u017e se jedn\u00e1 o jeho bohatou historii, jedine\u010dnou architekturu i\u00a0sv\u00e9bytnou kulturu, je\u017e tomuto m\u011bstu spole\u010dn\u011b d\u00e1vaj\u00ed zcela sv\u00e9bytn\u00fd r\u00e1z a typick\u00fd genius loci. O jednu ze\u00a0sv\u00fdch v\u00fdjime\u010dnost\u00ed byl v\u0161ak \u010cesk\u00fd Krumlov v b\u0159eznu roku 1948 zbaven <span class=\"st\">\u2013 v\u00fdjime\u010dnost, kter\u00e1 byla p\u0159edn\u00edm symbolem nejenom \u010ces<\/span><span class=\"st\">k\u00e9ho Krumlova, ale i cel\u00fdch ji\u017en\u00edch \u010cech. Byla j\u00ed posledn\u00ed osobn\u00ed hradn\u00ed str\u00e1\u017e v\u00a0\u010ceskoslovensku a Evrop\u011b \u2013 V\u00e9vodsk\u00e1 t\u011blesn\u00e1 str\u00e1\u017e gran\u00e1tn\u00edk\u016f kn\u00ed\u017eete ze Schwarzenbergu, Schwarzenbersk\u00e1 gran\u00e1tnick\u00e1 garda. <\/span><\/p>\n<p style=\"text-align: justify;\">Schwarzenbersk\u00e1 gran\u00e1tnick\u00e1 garda st\u0159e\u017eila \u010deskokrumlovsk\u00fd z\u00e1mek, s\u00eddlo kn\u00ed\u017eat ze Schwarzenbergu, v\u00e9vod\u016f krumlovsk\u00fdch, p\u0159es 200 let. Modrob\u00edl\u00e9 uniformy krumlovsk\u00fdch gran\u00e1tn\u00edk\u016f dopl\u0148ovaly jedine\u010dn\u00fd kolorit m\u011bsta a v dob\u011b Prvn\u00ed republiky byla jejich gardov\u00e1 kapela jedn\u00edm z nej\u017e\u00e1dan\u011bj\u0161\u00edch hudebn\u00edch ans\u00e1mbl\u016f v ji\u017en\u00edch \u010cech\u00e1ch. Jejich trubky bylo sly\u0161et nejenom ze z\u00e1meck\u00e9 v\u011b\u017ee, ale i v \u010ceskoslovensk\u00e9m rozhlase, na pr\u016fvodech na 1. m\u00e1je nebo na vyhl\u00e1\u0161en\u00fdch jazzov\u00fdch koncertech.<\/p>\n<p style=\"text-align: justify;\">C\u00edlem doby minul\u00e9 bylo zapomenout <span class=\"st\">\u2013<\/span> zapomenout na na\u0161i minulost a vlastn\u00ed historii. T\u0159eba\u017ee se tak stalo realitou na mnoha m\u00edstech na\u0161\u00ed zem\u011b, \u010cesk\u00fd Krumlov vzbuzuje i jen v jednodenn\u00edm n\u00e1v\u0161t\u011bvn\u00edkovi z\u00e1jem a touhu po pozn\u00e1n\u00ed. A tak nen\u00ed divu, \u017ee v dob\u011b sou\u010dasn\u00e9 a svobodn\u00e9, kdy se nap\u0159\u00ed\u010d generacemi vrac\u00edme se z\u00e1jmem k vlastn\u00edm ko\u0159en\u016fm, byla po dlouh\u00fdch 67 letech na\u0161imi ob\u010dany op\u011bt obnovena \u010deskokrumlovsk\u00e1 hradn\u00ed str\u00e1\u017e <span class=\"st\">\u2013<\/span> Schwarzenbersk\u00e1 gran\u00e1tnick\u00e1 garda.<\/p>\n<p style=\"text-align: center;\"><strong>Gener\u00e1ln\u00edmi patrnery obnovy hradn\u00ed str\u00e1\u017ee v \u010cesk\u00e9m Krumlov\u011b jsou<\/strong><\/p>\n<h4 style=\"text-align: center;\"><a href=\"https:\/\/www.ckrumlov.cz\/cz\/mesto-cesky-krumlov\/\">M\u011bsto \u010cesk\u00fd Krumlov<\/a> a <a href=\"https:\/\/www.npu.cz\/cs\">N\u00e1rodn\u00ed pam\u00e1tkov\u00fd \u00fastav<\/a><\/h4>\n<p>&nbsp;<\/p>\n<p style=\"text-align: center;\"><strong>Form\u00e1ln\u00ed z\u00e1\u0161titu nad Programem obnovy hradn\u00ed str\u00e1\u017ee v \u010cesk\u00e9m Krumlov\u011b p\u0159evzal<\/strong><\/p>\n<h4 style=\"text-align: center;\"><a href=\"http:\/\/www.karelschwarzenberg.cz\/\">Jeho Jasnost Karel Jan, kn\u00ed\u017ee ze Schwarzenbergu, v\u00e9voda krumlovsk\u00fd etc. etc., ryt\u00ed\u0159\u00a0\u0158\u00e1du\u00a0zlat\u00e9ho\u00a0rouna<\/a><\/h4>\n<p>&nbsp;<\/p>\n<p style=\"text-align: center;\"><strong>Z\u00e1\u0161tity Programu obnovy v letech p\u0159edchoz\u00edch rovn\u011b\u017e ud\u011blili:<\/strong><br \/>\n<strong><a href=\"http:\/\/obcan.ckrumlov.info\/docs\/cz\/starosta_2010-2014_Dalibor_Carda.xml\">Mgr. Dalibor Carda, starosta m\u011bsta \u010cesk\u00fd Krumlov<\/a><\/strong> (2017),<br \/>\n<strong><a href=\"http:\/\/www.mesto-trebon.cz\/vedeni-mesta.html\" target=\"_blank\" rel=\"noopener noreferrer\">Mgr. Terezie Jenisov\u00e1, starostka m\u011bsta T\u0159ebo\u0148<\/a><\/strong> (2016),<br \/>\na <strong><a href=\"http:\/\/www.tomasjirsa.cz\/\">Ing. Tom\u00e1\u0161 Jirsa, sen\u00e1tor P\u010cR a starosta m\u011bsta Hlubok\u00e1 nad Vltavou<\/a><\/strong> (2015)<\/p>\n","protected":false},"excerpt":{"rendered":"<p>Text nur in Tschechien: \u010cesk\u00fd Krumlov, jiho\u010desk\u00fd klenot v srdci Evropy, po stalet\u00ed kulturn\u00ed centrum \u0161umavsk\u00e9ho regionu a skvostn\u00e9 s\u00eddlo nejmocn\u011bj\u0161\u00edch jiho\u010desk\u00fdch rod\u016f v malebn\u00e9m z\u00e1krutu \u0159eky Vltavy, je zcela v\u00fdjime\u010dn\u00fdm m\u011bstem nejenom v\u00a0rovin\u011b region\u00e1ln\u00ed, ale i evropsk\u00e9 a sv\u011btov\u00e9. Jeho v\u00fdjime\u010dnost tkv\u00ed v mnoha aspektech, a\u0165\u00a0 u\u017e se jedn\u00e1 o jeho bohatou historii, jedine\u010dnou [&hellip;]<\/p>\n","protected":false},"author":3,"featured_media":12082,"parent":0,"menu_order":0,"comment_status":"closed","ping_status":"open","template":"","meta":[],"_links":{"self":[{"href":"https:\/\/www.krumlovskagarda.cz\/de\/wp-json\/wp\/v2\/pages\/12135"}],"collection":[{"href":"https:\/\/www.krumlovskagarda.cz\/de\/wp-json\/wp\/v2\/pages"}],"about":[{"href":"https:\/\/www.krumlovskagarda.cz\/de\/wp-json\/wp\/v2\/types\/page"}],"author":[{"embeddable":true,"href":"https:\/\/www.krumlovskagarda.cz\/de\/wp-json\/wp\/v2\/users\/3"}],"replies":[{"embeddable":true,"href":"https:\/\/www.krumlovskagarda.cz\/de\/wp-json\/wp\/v2\/comments?post=12135"}],"version-history":[{"count":4,"href":"https:\/\/www.krumlovskagarda.cz\/de\/wp-json\/wp\/v2\/pages\/12135\/revisions"}],"predecessor-version":[{"id":13242,"href":"https:\/\/www.krumlovskagarda.cz\/de\/wp-json\/wp\/v2\/pages\/12135\/revisions\/13242"}],"wp:featuredmedia":[{"embeddable":true,"href":"https:\/\/www.krumlovskagarda.cz\/de\/wp-json\/wp\/v2\/media\/12082"}],"wp:attachment":[{"href":"https:\/\/www.krumlovskagarda.cz\/de\/wp-json\/wp\/v2\/media?parent=12135"}],"curies":[{"name":"wp","href":"https:\/\/api.w.org\/{rel}","templated":true}]}}